{"id":1270,"date":"2024-09-06T08:13:27","date_gmt":"2024-09-06T08:13:27","guid":{"rendered":"https:\/\/finskekade.sk\/thank-you\/"},"modified":"2025-09-02T07:55:03","modified_gmt":"2025-09-02T07:55:03","slug":"thank-you","status":"publish","type":"page","link":"https:\/\/finskekade.sk\/en\/thank-you\/","title":{"rendered":"Thank you"},"content":{"rendered":"<div class=\"fusion-fullwidth fullwidth-box fusion-builder-row-1 fusion-flex-container has-pattern-background has-mask-background nonhundred-percent-fullwidth non-hundred-percent-height-scrolling\" style=\"--awb-border-radius-top-left:0px;--awb-border-radius-top-right:0px;--awb-border-radius-bottom-right:0px;--awb-border-radius-bottom-left:0px;--awb-margin-top:50px;--awb-margin-bottom:50px;--awb-flex-wrap:wrap;\" ><div class=\"fusion-builder-row fusion-row fusion-flex-align-items-flex-start fusion-flex-content-wrap\" style=\"max-width:1456px;margin-left: calc(-4% \/ 2 );margin-right: calc(-4% \/ 2 );\"><div class=\"fusion-layout-column fusion_builder_column fusion-builder-column-0 fusion_builder_column_1_1 1_1 fusion-flex-column\" style=\"--awb-bg-size:cover;--awb-width-large:100%;--awb-margin-top-large:0px;--awb-spacing-right-large:1.92%;--awb-margin-bottom-large:20px;--awb-spacing-left-large:1.92%;--awb-width-medium:100%;--awb-order-medium:0;--awb-spacing-right-medium:1.92%;--awb-spacing-left-medium:1.92%;--awb-width-small:100%;--awb-order-small:0;--awb-spacing-right-small:1.92%;--awb-spacing-left-small:1.92%;\"><div class=\"fusion-column-wrapper fusion-column-has-shadow fusion-flex-justify-content-flex-start fusion-content-layout-column\"><div class=\"fusion-title title fusion-title-1 fusion-sep-none fusion-title-center fusion-title-text fusion-title-size-one\"><h1 class=\"fusion-title-heading title-heading-center fusion-responsive-typography-calculated\" style=\"margin:0;--fontSize:44;line-height:var(--awb-typography1-line-height);\">Thank you<\/h1><\/div><div class=\"fusion-text fusion-text-1\" style=\"--awb-content-alignment:center;--awb-font-size:20px;\"><p>Thank you for your trust, we will contact you soon.<\/p>\n<\/div><\/div><\/div><\/div><\/div>\n","protected":false},"excerpt":{"rendered":"","protected":false},"author":1,"featured_media":0,"parent":0,"menu_order":0,"comment_status":"closed","ping_status":"closed","template":"100-width.php","meta":{"_acf_changed":false,"footnotes":""},"class_list":["post-1270","page","type-page","status-publish","hentry"],"acf":[],"yoast_head":"<!-- This site is optimized with the Yoast SEO plugin v25.8 - https:\/\/yoast.com\/wordpress\/plugins\/seo\/ -->\n<title>Thank you - F\u00ednske kade<\/title>\n<meta name=\"robots\" content=\"index, follow, max-snippet:-1, max-image-preview:large, max-video-preview:-1\" \/>\n<link rel=\"canonical\" href=\"https:\/\/finskekade.sk\/en\/thank-you\/\" \/>\n<meta property=\"og:locale\" content=\"en_US\" \/>\n<meta property=\"og:type\" content=\"article\" \/>\n<meta property=\"og:title\" content=\"Thank you - F\u00ednske kade\" \/>\n<meta property=\"og:url\" content=\"https:\/\/finskekade.sk\/en\/thank-you\/\" \/>\n<meta property=\"og:site_name\" content=\"F\u00ednske kade\" \/>\n<meta property=\"article:publisher\" content=\"https:\/\/www.facebook.com\/finskekupaciekade.sk\" \/>\n<meta property=\"article:modified_time\" content=\"2025-09-02T07:55:03+00:00\" \/>\n<meta name=\"twitter:card\" content=\"summary_large_image\" \/>\n<meta name=\"twitter:label1\" content=\"Est. reading time\" \/>\n\t<meta name=\"twitter:data1\" content=\"6 minutes\" \/>\n<script type=\"application\/ld+json\" class=\"yoast-schema-graph\">{\"@context\":\"https:\/\/schema.org\",\"@graph\":[{\"@type\":\"WebPage\",\"@id\":\"https:\/\/finskekade.sk\/en\/thank-you\/\",\"url\":\"https:\/\/finskekade.sk\/en\/thank-you\/\",\"name\":\"Thank you - F\u00ednske kade\",\"isPartOf\":{\"@id\":\"https:\/\/finskekade.sk\/en\/#website\"},\"datePublished\":\"2024-09-06T08:13:27+00:00\",\"dateModified\":\"2025-09-02T07:55:03+00:00\",\"breadcrumb\":{\"@id\":\"https:\/\/finskekade.sk\/en\/thank-you\/#breadcrumb\"},\"inLanguage\":\"en-US\",\"potentialAction\":[{\"@type\":\"ReadAction\",\"target\":[\"https:\/\/finskekade.sk\/en\/thank-you\/\"]}]},{\"@type\":\"BreadcrumbList\",\"@id\":\"https:\/\/finskekade.sk\/en\/thank-you\/#breadcrumb\",\"itemListElement\":[{\"@type\":\"ListItem\",\"position\":1,\"name\":\"Domovsk\u00e1 str\u00e1nka\",\"item\":\"https:\/\/finskekade.sk\/en\/\"},{\"@type\":\"ListItem\",\"position\":2,\"name\":\"Thank you\"}]},{\"@type\":\"WebSite\",\"@id\":\"https:\/\/finskekade.sk\/en\/#website\",\"url\":\"https:\/\/finskekade.sk\/en\/\",\"name\":\"https:\/\/finskekade.sk\/\",\"description\":\"V\u00fdroba a pren\u00e1jom f\u00ednskych z\u00e1hradn\u00fdch s\u00e1un, k\u00fapac\u00edch a ochladzovac\u00edch kad\u00ed\",\"publisher\":{\"@id\":\"https:\/\/finskekade.sk\/en\/#organization\"},\"potentialAction\":[{\"@type\":\"SearchAction\",\"target\":{\"@type\":\"EntryPoint\",\"urlTemplate\":\"https:\/\/finskekade.sk\/en\/?s={search_term_string}\"},\"query-input\":{\"@type\":\"PropertyValueSpecification\",\"valueRequired\":true,\"valueName\":\"search_term_string\"}}],\"inLanguage\":\"en-US\"},{\"@type\":\"Organization\",\"@id\":\"https:\/\/finskekade.sk\/en\/#organization\",\"name\":\"F\u00ednske kade\",\"url\":\"https:\/\/finskekade.sk\/en\/\",\"logo\":{\"@type\":\"ImageObject\",\"inLanguage\":\"en-US\",\"@id\":\"https:\/\/finskekade.sk\/en\/#\/schema\/logo\/image\/\",\"url\":\"https:\/\/finskekade.sk\/wp-content\/uploads\/2024\/08\/finske-logo-retina.png\",\"contentUrl\":\"https:\/\/finskekade.sk\/wp-content\/uploads\/2024\/08\/finske-logo-retina.png\",\"width\":300,\"height\":283,\"caption\":\"F\u00ednske kade\"},\"image\":{\"@id\":\"https:\/\/finskekade.sk\/en\/#\/schema\/logo\/image\/\"},\"sameAs\":[\"https:\/\/www.facebook.com\/finskekupaciekade.sk\",\"https:\/\/www.youtube.com\/@FinskeKade-gl5hy\/featured\",\"https:\/\/www.tiktok.com\/@finske.kade.a.sau?_t=8oFul6Noktt&_r=1\"]}]}<\/script>\n<!-- \/ Yoast SEO plugin. -->","yoast_head_json":{"title":"Thank you - F\u00ednske kade","robots":{"index":"index","follow":"follow","max-snippet":"max-snippet:-1","max-image-preview":"max-image-preview:large","max-video-preview":"max-video-preview:-1"},"canonical":"https:\/\/finskekade.sk\/en\/thank-you\/","og_locale":"en_US","og_type":"article","og_title":"Thank you - F\u00ednske kade","og_url":"https:\/\/finskekade.sk\/en\/thank-you\/","og_site_name":"F\u00ednske kade","article_publisher":"https:\/\/www.facebook.com\/finskekupaciekade.sk","article_modified_time":"2025-09-02T07:55:03+00:00","twitter_card":"summary_large_image","twitter_misc":{"Est. reading time":"6 minutes"},"schema":{"@context":"https:\/\/schema.org","@graph":[{"@type":"WebPage","@id":"https:\/\/finskekade.sk\/en\/thank-you\/","url":"https:\/\/finskekade.sk\/en\/thank-you\/","name":"Thank you - F\u00ednske kade","isPartOf":{"@id":"https:\/\/finskekade.sk\/en\/#website"},"datePublished":"2024-09-06T08:13:27+00:00","dateModified":"2025-09-02T07:55:03+00:00","breadcrumb":{"@id":"https:\/\/finskekade.sk\/en\/thank-you\/#breadcrumb"},"inLanguage":"en-US","potentialAction":[{"@type":"ReadAction","target":["https:\/\/finskekade.sk\/en\/thank-you\/"]}]},{"@type":"BreadcrumbList","@id":"https:\/\/finskekade.sk\/en\/thank-you\/#breadcrumb","itemListElement":[{"@type":"ListItem","position":1,"name":"Domovsk\u00e1 str\u00e1nka","item":"https:\/\/finskekade.sk\/en\/"},{"@type":"ListItem","position":2,"name":"Thank you"}]},{"@type":"WebSite","@id":"https:\/\/finskekade.sk\/en\/#website","url":"https:\/\/finskekade.sk\/en\/","name":"https:\/\/finskekade.sk\/","description":"V\u00fdroba a pren\u00e1jom f\u00ednskych z\u00e1hradn\u00fdch s\u00e1un, k\u00fapac\u00edch a ochladzovac\u00edch kad\u00ed","publisher":{"@id":"https:\/\/finskekade.sk\/en\/#organization"},"potentialAction":[{"@type":"SearchAction","target":{"@type":"EntryPoint","urlTemplate":"https:\/\/finskekade.sk\/en\/?s={search_term_string}"},"query-input":{"@type":"PropertyValueSpecification","valueRequired":true,"valueName":"search_term_string"}}],"inLanguage":"en-US"},{"@type":"Organization","@id":"https:\/\/finskekade.sk\/en\/#organization","name":"F\u00ednske kade","url":"https:\/\/finskekade.sk\/en\/","logo":{"@type":"ImageObject","inLanguage":"en-US","@id":"https:\/\/finskekade.sk\/en\/#\/schema\/logo\/image\/","url":"https:\/\/finskekade.sk\/wp-content\/uploads\/2024\/08\/finske-logo-retina.png","contentUrl":"https:\/\/finskekade.sk\/wp-content\/uploads\/2024\/08\/finske-logo-retina.png","width":300,"height":283,"caption":"F\u00ednske kade"},"image":{"@id":"https:\/\/finskekade.sk\/en\/#\/schema\/logo\/image\/"},"sameAs":["https:\/\/www.facebook.com\/finskekupaciekade.sk","https:\/\/www.youtube.com\/@FinskeKade-gl5hy\/featured","https:\/\/www.tiktok.com\/@finske.kade.a.sau?_t=8oFul6Noktt&_r=1"]}]}},"_links":{"self":[{"href":"https:\/\/finskekade.sk\/en\/wp-json\/wp\/v2\/pages\/1270","targetHints":{"allow":["GET"]}}],"collection":[{"href":"https:\/\/finskekade.sk\/en\/wp-json\/wp\/v2\/pages"}],"about":[{"href":"https:\/\/finskekade.sk\/en\/wp-json\/wp\/v2\/types\/page"}],"author":[{"embeddable":true,"href":"https:\/\/finskekade.sk\/en\/wp-json\/wp\/v2\/users\/1"}],"replies":[{"embeddable":true,"href":"https:\/\/finskekade.sk\/en\/wp-json\/wp\/v2\/comments?post=1270"}],"version-history":[{"count":2,"href":"https:\/\/finskekade.sk\/en\/wp-json\/wp\/v2\/pages\/1270\/revisions"}],"predecessor-version":[{"id":1272,"href":"https:\/\/finskekade.sk\/en\/wp-json\/wp\/v2\/pages\/1270\/revisions\/1272"}],"wp:attachment":[{"href":"https:\/\/finskekade.sk\/en\/wp-json\/wp\/v2\/media?parent=1270"}],"curies":[{"name":"wp","href":"https:\/\/api.w.org\/{rel}","templated":true}]}}