{"id":1422,"date":"2024-07-09T11:57:44","date_gmt":"2024-07-09T11:57:44","guid":{"rendered":"https:\/\/finskekade.sk\/garden-cabins\/"},"modified":"2025-09-04T07:45:42","modified_gmt":"2025-09-04T07:45:42","slug":"garden-cabins","status":"publish","type":"page","link":"https:\/\/finskekade.sk\/en\/garden-cabins\/","title":{"rendered":"Garden cabins"},"content":{"rendered":"<p><div class=\"fusion-fullwidth fullwidth-box fusion-builder-row-1 fusion-flex-container has-pattern-background has-mask-background nonhundred-percent-fullwidth non-hundred-percent-height-scrolling\" style=\"--awb-border-radius-top-left:0px;--awb-border-radius-top-right:0px;--awb-border-radius-bottom-right:0px;--awb-border-radius-bottom-left:0px;--awb-flex-wrap:wrap;\" ><div class=\"fusion-builder-row fusion-row fusion-flex-align-items-flex-start fusion-flex-justify-content-center fusion-flex-content-wrap\" style=\"max-width:1456px;margin-left: calc(-4% \/ 2 );margin-right: calc(-4% \/ 2 );\"><div class=\"fusion-layout-column fusion_builder_column fusion-builder-column-0 fusion_builder_column_3_5 3_5 fusion-flex-column\" style=\"--awb-padding-top:30px;--awb-padding-right:30px;--awb-padding-bottom:30px;--awb-padding-left:30px;--awb-padding-left-medium:35px;--awb-padding-left-small:15px;--awb-bg-color:#543721;--awb-bg-color-hover:#543721;--awb-bg-size:cover;--awb-border-color:#c4af68;--awb-border-left:18px;--awb-border-style:solid;--awb-width-large:60%;--awb-margin-top-large:0px;--awb-spacing-right-large:3.2%;--awb-margin-bottom-large:-100px;--awb-spacing-left-large:3.2%;--awb-width-medium:100%;--awb-order-medium:0;--awb-spacing-right-medium:1.92%;--awb-spacing-left-medium:1.92%;--awb-width-small:100%;--awb-order-small:0;--awb-spacing-right-small:1.92%;--awb-spacing-left-small:1.92%;\" data-scroll-devices=\"small-visibility,medium-visibility,large-visibility\"><div class=\"fusion-column-wrapper fusion-column-has-shadow fusion-flex-justify-content-flex-start fusion-content-layout-column\"><div class=\"fusion-title title fusion-title-1 fusion-sep-none fusion-title-center fusion-title-text fusion-title-size-one\" style=\"--awb-text-color:#ffffff;\"><h1 class=\"fusion-title-heading title-heading-center fusion-responsive-typography-calculated\" style=\"margin:0;--fontSize:44;line-height:var(--awb-typography1-line-height);\">Garden cabins<\/h1><\/div><\/div><\/div><\/div><\/div><div class=\"fusion-fullwidth fullwidth-box fusion-builder-row-2 fusion-flex-container has-pattern-background has-mask-background nonhundred-percent-fullwidth non-hundred-percent-height-scrolling\" style=\"--awb-border-radius-top-left:0px;--awb-border-radius-top-right:0px;--awb-border-radius-bottom-right:0px;--awb-border-radius-bottom-left:0px;--awb-padding-top:150px;--awb-padding-bottom:50px;--awb-background-color:#f5f5f5;--awb-flex-wrap:wrap;\" ><div class=\"fusion-builder-row fusion-row fusion-flex-align-items-stretch fusion-flex-content-wrap\" style=\"max-width:1456px;margin-left: calc(-4% \/ 2 );margin-right: calc(-4% \/ 2 );\"><div class=\"fusion-layout-column fusion_builder_column fusion-builder-column-1 fusion_builder_column_1_2 1_2 fusion-flex-column archive-product-column fusion-column-inner-bg-wrapper\" style=\"--awb-padding-top:30px;--awb-inner-bg-color:#ffffff;--awb-inner-bg-color-hover:#ffffff;--awb-inner-bg-size:cover;--awb-width-large:50%;--awb-margin-top-large:0px;--awb-spacing-right-large:3.84%;--awb-margin-bottom-large:50px;--awb-spacing-left-large:3.84%;--awb-width-medium:100%;--awb-order-medium:0;--awb-spacing-right-medium:1.92%;--awb-spacing-left-medium:1.92%;--awb-width-small:100%;--awb-order-small:0;--awb-spacing-right-small:1.92%;--awb-margin-bottom-small:20px;--awb-spacing-left-small:1.92%;\" data-scroll-devices=\"small-visibility,medium-visibility,large-visibility\"><span class=\"fusion-column-inner-bg hover-type-none\"><a class=\"fusion-column-anchor\" href=\"https:\/\/finskekade.sk\/en\/square-garden-cabin\/\"><span class=\"fusion-column-inner-bg-image\"><\/span><\/a><\/span><div class=\"fusion-column-wrapper fusion-column-has-shadow fusion-flex-justify-content-flex-start fusion-content-layout-column\"><div class=\"fusion-builder-row fusion-builder-row-inner fusion-row fusion-flex-align-items-stretch fusion-flex-content-wrap\" style=\"width:104% !important;max-width:104% !important;margin-left: calc(-4% \/ 2 );margin-right: calc(-4% \/ 2 );\"><div class=\"fusion-layout-column fusion_builder_column_inner fusion-builder-nested-column-0 fusion_builder_column_inner_1_1 1_1 fusion-flex-column\" style=\"--awb-padding-right:30px;--awb-padding-left:30px;--awb-bg-size:cover;--awb-width-large:100%;--awb-margin-top-large:0px;--awb-spacing-right-large:1.92%;--awb-margin-bottom-large:20px;--awb-spacing-left-large:1.92%;--awb-width-medium:100%;--awb-order-medium:0;--awb-spacing-right-medium:1.92%;--awb-spacing-left-medium:1.92%;--awb-width-small:100%;--awb-order-small:0;--awb-spacing-right-small:1.92%;--awb-spacing-left-small:1.92%;\" data-scroll-devices=\"small-visibility,medium-visibility,large-visibility\"><div class=\"fusion-column-wrapper fusion-column-has-shadow fusion-flex-justify-content-flex-start fusion-content-layout-column\">    <div class=\"zakladne-info\">\r\n        <div class=\"left-part\">\r\n            <h2>Square garden cabin<\/h2>\r\n            <div class=\"fusion-separator\" style=\"align-self: flex-start;margin-right:auto;width:100%;max-width:48px;\">\r\n                <div class=\"fusion-separator-border sep-single sep-solid\" style=\"--awb-height:20px;--awb-amount:20px;--awb-sep-color:#d5d5d5;border-color:#d5d5d5;border-top-width:3px;\"><\/div>\r\n            <\/div>\r\n        <\/div>\r\n        <div class=\"right-part\">\r\n                            <p class=\"kratky-popis\">Your ideal space to relax and unwind \u2013 just the way you want it.<\/p>\r\n                                        <p class=\"cena-od\">from \u20ac10999<\/p>\r\n                    <\/div>\r\n    <\/div>\r\n    \n\n<\/div><\/div><div class=\"fusion-layout-column fusion_builder_column_inner fusion-builder-nested-column-1 fusion_builder_column_inner_1_1 1_1 fusion-flex-column button-column\" style=\"--awb-padding-right:30px;--awb-padding-left:30px;--awb-bg-size:cover;--awb-width-large:100%;--awb-margin-top-large:0px;--awb-spacing-right-large:1.92%;--awb-margin-bottom-large:20px;--awb-spacing-left-large:1.92%;--awb-width-medium:100%;--awb-order-medium:0;--awb-spacing-right-medium:1.92%;--awb-spacing-left-medium:1.92%;--awb-width-small:100%;--awb-order-small:0;--awb-spacing-right-small:1.92%;--awb-spacing-left-small:1.92%;\" data-scroll-devices=\"small-visibility,medium-visibility,large-visibility\"><div class=\"fusion-column-wrapper fusion-column-has-shadow fusion-flex-justify-content-flex-start fusion-content-layout-column\"><div ><a class=\"fusion-button button-flat fusion-button-default-size button-custom fusion-button-default button-1 fusion-button-default-span fusion-button-default-type button-shadow\" style=\"--button_accent_color:#ffffff;--button_accent_hover_color:var(--awb-color1);--button_border_hover_color:var(--awb-color1);--button_gradient_top_color:#543721;--button_gradient_bottom_color:#543721;--button_gradient_top_color_hover:#000000;--button_gradient_bottom_color_hover:#000000;--button_font_size:16px;--button_padding-right:25px;--button_padding-left:25px;--button_margin-top:20px;\" target=\"_self\"><span class=\"fusion-button-text\">View more<\/span><i class=\"fa-arrow-right fas button-icon-right\" aria-hidden=\"true\"><\/i><\/a><\/div><\/div><\/div><\/div><div class=\"fusion-image-element \" style=\"--awb-caption-title-font-family:var(--h2_typography-font-family);--awb-caption-title-font-weight:var(--h2_typography-font-weight);--awb-caption-title-font-style:var(--h2_typography-font-style);--awb-caption-title-size:var(--h2_typography-font-size);--awb-caption-title-transform:var(--h2_typography-text-transform);--awb-caption-title-line-height:var(--h2_typography-line-height);--awb-caption-title-letter-spacing:var(--h2_typography-letter-spacing);\"><span class=\" fusion-imageframe imageframe-none imageframe-1 hover-type-none\"><img decoding=\"async\" width=\"900\" height=\"707\" title=\"hranaty-letny-domcek\" src=\"https:\/\/finskekade.sk\/wp-content\/uploads\/2024\/07\/hranaty-letny-domcek.jpg\" alt class=\"img-responsive wp-image-1420\" srcset=\"https:\/\/finskekade.sk\/wp-content\/uploads\/2024\/07\/hranaty-letny-domcek-200x157.jpg 200w, https:\/\/finskekade.sk\/wp-content\/uploads\/2024\/07\/hranaty-letny-domcek-400x314.jpg 400w, https:\/\/finskekade.sk\/wp-content\/uploads\/2024\/07\/hranaty-letny-domcek-600x471.jpg 600w, https:\/\/finskekade.sk\/wp-content\/uploads\/2024\/07\/hranaty-letny-domcek-800x628.jpg 800w, https:\/\/finskekade.sk\/wp-content\/uploads\/2024\/07\/hranaty-letny-domcek.jpg 900w\" sizes=\"(max-width: 800px) 100vw, 900px\" \/><\/span><\/div><\/div><\/div><div class=\"fusion-layout-column fusion_builder_column fusion-builder-column-2 fusion_builder_column_1_2 1_2 fusion-flex-column archive-product-column fusion-column-inner-bg-wrapper\" style=\"--awb-padding-top:30px;--awb-inner-bg-color:#ffffff;--awb-inner-bg-color-hover:#ffffff;--awb-inner-bg-size:cover;--awb-width-large:50%;--awb-margin-top-large:0px;--awb-spacing-right-large:3.84%;--awb-margin-bottom-large:50px;--awb-spacing-left-large:3.84%;--awb-width-medium:100%;--awb-order-medium:0;--awb-spacing-right-medium:1.92%;--awb-spacing-left-medium:1.92%;--awb-width-small:100%;--awb-order-small:0;--awb-spacing-right-small:1.92%;--awb-margin-bottom-small:20px;--awb-spacing-left-small:1.92%;\" data-scroll-devices=\"small-visibility,medium-visibility,large-visibility\"><span class=\"fusion-column-inner-bg hover-type-none\"><a class=\"fusion-column-anchor\" href=\"https:\/\/finskekade.sk\/en\/rounded-garden-cabin\/\"><span class=\"fusion-column-inner-bg-image\"><\/span><\/a><\/span><div class=\"fusion-column-wrapper fusion-column-has-shadow fusion-flex-justify-content-flex-start fusion-content-layout-column\"><div class=\"fusion-builder-row fusion-builder-row-inner fusion-row fusion-flex-align-items-stretch fusion-flex-content-wrap\" style=\"width:104% !important;max-width:104% !important;margin-left: calc(-4% \/ 2 );margin-right: calc(-4% \/ 2 );\"><div class=\"fusion-layout-column fusion_builder_column_inner fusion-builder-nested-column-2 fusion_builder_column_inner_1_1 1_1 fusion-flex-column\" style=\"--awb-padding-right:30px;--awb-padding-left:30px;--awb-bg-size:cover;--awb-width-large:100%;--awb-margin-top-large:0px;--awb-spacing-right-large:1.92%;--awb-margin-bottom-large:20px;--awb-spacing-left-large:1.92%;--awb-width-medium:100%;--awb-order-medium:0;--awb-spacing-right-medium:1.92%;--awb-spacing-left-medium:1.92%;--awb-width-small:100%;--awb-order-small:0;--awb-spacing-right-small:1.92%;--awb-spacing-left-small:1.92%;\" data-scroll-devices=\"small-visibility,medium-visibility,large-visibility\"><div class=\"fusion-column-wrapper fusion-column-has-shadow fusion-flex-justify-content-flex-start fusion-content-layout-column\">    <div class=\"zakladne-info\">\r\n        <div class=\"left-part\">\r\n            <h2>Rounded garden cabin<\/h2>\r\n            <div class=\"fusion-separator\" style=\"align-self: flex-start;margin-right:auto;width:100%;max-width:48px;\">\r\n                <div class=\"fusion-separator-border sep-single sep-solid\" style=\"--awb-height:20px;--awb-amount:20px;--awb-sep-color:#d5d5d5;border-color:#d5d5d5;border-top-width:3px;\"><\/div>\r\n            <\/div>\r\n        <\/div>\r\n        <div class=\"right-part\">\r\n                            <p class=\"kratky-popis\">Modern design and comfort tailored to your wishes.<\/p>\r\n                                        <p class=\"cena-od\">from \u20ac11999<\/p>\r\n                    <\/div>\r\n    <\/div>\r\n    \n\n<\/div><\/div><div class=\"fusion-layout-column fusion_builder_column_inner fusion-builder-nested-column-3 fusion_builder_column_inner_1_1 1_1 fusion-flex-column button-column\" style=\"--awb-padding-right:30px;--awb-padding-left:30px;--awb-bg-size:cover;--awb-width-large:100%;--awb-margin-top-large:0px;--awb-spacing-right-large:1.92%;--awb-margin-bottom-large:20px;--awb-spacing-left-large:1.92%;--awb-width-medium:100%;--awb-order-medium:0;--awb-spacing-right-medium:1.92%;--awb-spacing-left-medium:1.92%;--awb-width-small:100%;--awb-order-small:0;--awb-spacing-right-small:1.92%;--awb-spacing-left-small:1.92%;\" data-scroll-devices=\"small-visibility,medium-visibility,large-visibility\"><div class=\"fusion-column-wrapper fusion-column-has-shadow fusion-flex-justify-content-flex-start fusion-content-layout-column\"><div ><a class=\"fusion-button button-flat fusion-button-default-size button-custom fusion-button-default button-2 fusion-button-default-span fusion-button-default-type button-shadow\" style=\"--button_accent_color:#ffffff;--button_accent_hover_color:var(--awb-color1);--button_border_hover_color:var(--awb-color1);--button_gradient_top_color:#543721;--button_gradient_bottom_color:#543721;--button_gradient_top_color_hover:#000000;--button_gradient_bottom_color_hover:#000000;--button_font_size:16px;--button_padding-right:25px;--button_padding-left:25px;--button_margin-top:20px;\" target=\"_self\"><span class=\"fusion-button-text\">View more<\/span><i class=\"fa-arrow-right fas button-icon-right\" aria-hidden=\"true\"><\/i><\/a><\/div><\/div><\/div><\/div><div class=\"fusion-image-element \" style=\"--awb-caption-title-font-family:var(--h2_typography-font-family);--awb-caption-title-font-weight:var(--h2_typography-font-weight);--awb-caption-title-font-style:var(--h2_typography-font-style);--awb-caption-title-size:var(--h2_typography-font-size);--awb-caption-title-transform:var(--h2_typography-text-transform);--awb-caption-title-line-height:var(--h2_typography-line-height);--awb-caption-title-letter-spacing:var(--h2_typography-letter-spacing);\"><span class=\" fusion-imageframe imageframe-none imageframe-2 hover-type-none\"><img decoding=\"async\" width=\"900\" height=\"696\" title=\"letny-domcek\" src=\"https:\/\/finskekade.sk\/wp-content\/uploads\/2024\/07\/letny-domcek.jpg\" alt class=\"img-responsive wp-image-1421\" srcset=\"https:\/\/finskekade.sk\/wp-content\/uploads\/2024\/07\/letny-domcek-200x155.jpg 200w, https:\/\/finskekade.sk\/wp-content\/uploads\/2024\/07\/letny-domcek-400x309.jpg 400w, https:\/\/finskekade.sk\/wp-content\/uploads\/2024\/07\/letny-domcek-600x464.jpg 600w, https:\/\/finskekade.sk\/wp-content\/uploads\/2024\/07\/letny-domcek-800x619.jpg 800w, https:\/\/finskekade.sk\/wp-content\/uploads\/2024\/07\/letny-domcek.jpg 900w\" sizes=\"(max-width: 800px) 100vw, 900px\" \/><\/span><\/div><\/div><\/div><\/div><\/div><div class=\"fusion-fullwidth fullwidth-box fusion-builder-row-3 fusion-flex-container has-pattern-background has-mask-background nonhundred-percent-fullwidth non-hundred-percent-height-scrolling\" style=\"--awb-border-radius-top-left:0px;--awb-border-radius-top-right:0px;--awb-border-radius-bottom-right:0px;--awb-border-radius-bottom-left:0px;--awb-background-color:#f5f5f5;--awb-flex-wrap:wrap;\" ><div class=\"fusion-builder-row fusion-row fusion-flex-align-items-flex-start fusion-flex-content-wrap\" style=\"max-width:1456px;margin-left: calc(-4% \/ 2 );margin-right: calc(-4% \/ 2 );\"><div class=\"fusion-layout-column fusion_builder_column fusion-builder-column-3 fusion_builder_column_1_1 1_1 fusion-flex-column\" style=\"--awb-bg-size:cover;--awb-width-large:100%;--awb-margin-top-large:0px;--awb-spacing-right-large:1.92%;--awb-margin-bottom-large:20px;--awb-spacing-left-large:1.92%;--awb-width-medium:100%;--awb-order-medium:0;--awb-spacing-right-medium:1.92%;--awb-spacing-left-medium:1.92%;--awb-width-small:100%;--awb-order-small:0;--awb-spacing-right-small:1.92%;--awb-spacing-left-small:1.92%;\"><div class=\"fusion-column-wrapper fusion-column-has-shadow fusion-flex-justify-content-flex-start fusion-content-layout-column\"><div class=\"fusion-text fusion-text-1\" style=\"--awb-font-size:13px;\"><p>*The listed prices are without VAT. For international orders, prices are about 15% higher; delivery is extra, and the final price will be confirmed personally for you.<\/p>\n<\/div><\/div><\/div><\/div><\/div><\/p>\n","protected":false},"excerpt":{"rendered":"","protected":false},"author":1,"featured_media":0,"parent":0,"menu_order":0,"comment_status":"closed","ping_status":"closed","template":"100-width.php","meta":{"_acf_changed":false,"footnotes":""},"class_list":["post-1422","page","type-page","status-publish","hentry"],"acf":[],"yoast_head":"<!-- This site is optimized with the Yoast SEO plugin v25.8 - https:\/\/yoast.com\/wordpress\/plugins\/seo\/ -->\n<title>Garden cabins - F\u00ednske kade<\/title>\n<meta name=\"robots\" content=\"index, follow, max-snippet:-1, max-image-preview:large, max-video-preview:-1\" \/>\n<link rel=\"canonical\" href=\"https:\/\/finskekade.sk\/en\/garden-cabins\/\" \/>\n<meta property=\"og:locale\" content=\"en_US\" \/>\n<meta property=\"og:type\" content=\"article\" \/>\n<meta property=\"og:title\" content=\"Garden cabins - F\u00ednske kade\" \/>\n<meta property=\"og:url\" content=\"https:\/\/finskekade.sk\/en\/garden-cabins\/\" \/>\n<meta property=\"og:site_name\" content=\"F\u00ednske kade\" \/>\n<meta property=\"article:publisher\" content=\"https:\/\/www.facebook.com\/finskekupaciekade.sk\" \/>\n<meta property=\"article:modified_time\" content=\"2025-09-04T07:45:42+00:00\" \/>\n<meta name=\"twitter:card\" content=\"summary_large_image\" \/>\n<meta name=\"twitter:label1\" content=\"Est. reading time\" \/>\n\t<meta name=\"twitter:data1\" content=\"1 minute\" \/>\n<script type=\"application\/ld+json\" class=\"yoast-schema-graph\">{\"@context\":\"https:\/\/schema.org\",\"@graph\":[{\"@type\":\"WebPage\",\"@id\":\"https:\/\/finskekade.sk\/en\/garden-cabins\/\",\"url\":\"https:\/\/finskekade.sk\/en\/garden-cabins\/\",\"name\":\"Garden cabins - F\u00ednske kade\",\"isPartOf\":{\"@id\":\"https:\/\/finskekade.sk\/en\/#website\"},\"datePublished\":\"2024-07-09T11:57:44+00:00\",\"dateModified\":\"2025-09-04T07:45:42+00:00\",\"breadcrumb\":{\"@id\":\"https:\/\/finskekade.sk\/en\/garden-cabins\/#breadcrumb\"},\"inLanguage\":\"en-US\",\"potentialAction\":[{\"@type\":\"ReadAction\",\"target\":[\"https:\/\/finskekade.sk\/en\/garden-cabins\/\"]}]},{\"@type\":\"BreadcrumbList\",\"@id\":\"https:\/\/finskekade.sk\/en\/garden-cabins\/#breadcrumb\",\"itemListElement\":[{\"@type\":\"ListItem\",\"position\":1,\"name\":\"Domovsk\u00e1 str\u00e1nka\",\"item\":\"https:\/\/finskekade.sk\/en\/\"},{\"@type\":\"ListItem\",\"position\":2,\"name\":\"Garden cabins\"}]},{\"@type\":\"WebSite\",\"@id\":\"https:\/\/finskekade.sk\/en\/#website\",\"url\":\"https:\/\/finskekade.sk\/en\/\",\"name\":\"https:\/\/finskekade.sk\/\",\"description\":\"V\u00fdroba a pren\u00e1jom f\u00ednskych z\u00e1hradn\u00fdch s\u00e1un, k\u00fapac\u00edch a ochladzovac\u00edch kad\u00ed\",\"publisher\":{\"@id\":\"https:\/\/finskekade.sk\/en\/#organization\"},\"potentialAction\":[{\"@type\":\"SearchAction\",\"target\":{\"@type\":\"EntryPoint\",\"urlTemplate\":\"https:\/\/finskekade.sk\/en\/?s={search_term_string}\"},\"query-input\":{\"@type\":\"PropertyValueSpecification\",\"valueRequired\":true,\"valueName\":\"search_term_string\"}}],\"inLanguage\":\"en-US\"},{\"@type\":\"Organization\",\"@id\":\"https:\/\/finskekade.sk\/en\/#organization\",\"name\":\"F\u00ednske kade\",\"url\":\"https:\/\/finskekade.sk\/en\/\",\"logo\":{\"@type\":\"ImageObject\",\"inLanguage\":\"en-US\",\"@id\":\"https:\/\/finskekade.sk\/en\/#\/schema\/logo\/image\/\",\"url\":\"https:\/\/finskekade.sk\/wp-content\/uploads\/2024\/08\/finske-logo-retina.png\",\"contentUrl\":\"https:\/\/finskekade.sk\/wp-content\/uploads\/2024\/08\/finske-logo-retina.png\",\"width\":300,\"height\":283,\"caption\":\"F\u00ednske kade\"},\"image\":{\"@id\":\"https:\/\/finskekade.sk\/en\/#\/schema\/logo\/image\/\"},\"sameAs\":[\"https:\/\/www.facebook.com\/finskekupaciekade.sk\",\"https:\/\/www.youtube.com\/@FinskeKade-gl5hy\/featured\",\"https:\/\/www.tiktok.com\/@finske.kade.a.sau?_t=8oFul6Noktt&_r=1\"]}]}<\/script>\n<!-- \/ Yoast SEO plugin. -->","yoast_head_json":{"title":"Garden cabins - F\u00ednske kade","robots":{"index":"index","follow":"follow","max-snippet":"max-snippet:-1","max-image-preview":"max-image-preview:large","max-video-preview":"max-video-preview:-1"},"canonical":"https:\/\/finskekade.sk\/en\/garden-cabins\/","og_locale":"en_US","og_type":"article","og_title":"Garden cabins - F\u00ednske kade","og_url":"https:\/\/finskekade.sk\/en\/garden-cabins\/","og_site_name":"F\u00ednske kade","article_publisher":"https:\/\/www.facebook.com\/finskekupaciekade.sk","article_modified_time":"2025-09-04T07:45:42+00:00","twitter_card":"summary_large_image","twitter_misc":{"Est. reading time":"1 minute"},"schema":{"@context":"https:\/\/schema.org","@graph":[{"@type":"WebPage","@id":"https:\/\/finskekade.sk\/en\/garden-cabins\/","url":"https:\/\/finskekade.sk\/en\/garden-cabins\/","name":"Garden cabins - F\u00ednske kade","isPartOf":{"@id":"https:\/\/finskekade.sk\/en\/#website"},"datePublished":"2024-07-09T11:57:44+00:00","dateModified":"2025-09-04T07:45:42+00:00","breadcrumb":{"@id":"https:\/\/finskekade.sk\/en\/garden-cabins\/#breadcrumb"},"inLanguage":"en-US","potentialAction":[{"@type":"ReadAction","target":["https:\/\/finskekade.sk\/en\/garden-cabins\/"]}]},{"@type":"BreadcrumbList","@id":"https:\/\/finskekade.sk\/en\/garden-cabins\/#breadcrumb","itemListElement":[{"@type":"ListItem","position":1,"name":"Domovsk\u00e1 str\u00e1nka","item":"https:\/\/finskekade.sk\/en\/"},{"@type":"ListItem","position":2,"name":"Garden cabins"}]},{"@type":"WebSite","@id":"https:\/\/finskekade.sk\/en\/#website","url":"https:\/\/finskekade.sk\/en\/","name":"https:\/\/finskekade.sk\/","description":"V\u00fdroba a pren\u00e1jom f\u00ednskych z\u00e1hradn\u00fdch s\u00e1un, k\u00fapac\u00edch a ochladzovac\u00edch kad\u00ed","publisher":{"@id":"https:\/\/finskekade.sk\/en\/#organization"},"potentialAction":[{"@type":"SearchAction","target":{"@type":"EntryPoint","urlTemplate":"https:\/\/finskekade.sk\/en\/?s={search_term_string}"},"query-input":{"@type":"PropertyValueSpecification","valueRequired":true,"valueName":"search_term_string"}}],"inLanguage":"en-US"},{"@type":"Organization","@id":"https:\/\/finskekade.sk\/en\/#organization","name":"F\u00ednske kade","url":"https:\/\/finskekade.sk\/en\/","logo":{"@type":"ImageObject","inLanguage":"en-US","@id":"https:\/\/finskekade.sk\/en\/#\/schema\/logo\/image\/","url":"https:\/\/finskekade.sk\/wp-content\/uploads\/2024\/08\/finske-logo-retina.png","contentUrl":"https:\/\/finskekade.sk\/wp-content\/uploads\/2024\/08\/finske-logo-retina.png","width":300,"height":283,"caption":"F\u00ednske kade"},"image":{"@id":"https:\/\/finskekade.sk\/en\/#\/schema\/logo\/image\/"},"sameAs":["https:\/\/www.facebook.com\/finskekupaciekade.sk","https:\/\/www.youtube.com\/@FinskeKade-gl5hy\/featured","https:\/\/www.tiktok.com\/@finske.kade.a.sau?_t=8oFul6Noktt&_r=1"]}]}},"_links":{"self":[{"href":"https:\/\/finskekade.sk\/en\/wp-json\/wp\/v2\/pages\/1422","targetHints":{"allow":["GET"]}}],"collection":[{"href":"https:\/\/finskekade.sk\/en\/wp-json\/wp\/v2\/pages"}],"about":[{"href":"https:\/\/finskekade.sk\/en\/wp-json\/wp\/v2\/types\/page"}],"author":[{"embeddable":true,"href":"https:\/\/finskekade.sk\/en\/wp-json\/wp\/v2\/users\/1"}],"replies":[{"embeddable":true,"href":"https:\/\/finskekade.sk\/en\/wp-json\/wp\/v2\/comments?post=1422"}],"version-history":[{"count":4,"href":"https:\/\/finskekade.sk\/en\/wp-json\/wp\/v2\/pages\/1422\/revisions"}],"predecessor-version":[{"id":1426,"href":"https:\/\/finskekade.sk\/en\/wp-json\/wp\/v2\/pages\/1422\/revisions\/1426"}],"wp:attachment":[{"href":"https:\/\/finskekade.sk\/en\/wp-json\/wp\/v2\/media?parent=1422"}],"curies":[{"name":"wp","href":"https:\/\/api.w.org\/{rel}","templated":true}]}}