{"id":1473,"date":"2024-07-29T16:25:34","date_gmt":"2024-07-29T16:25:34","guid":{"rendered":"https:\/\/finskekade.sk\/sauna-kit\/"},"modified":"2025-09-19T07:14:10","modified_gmt":"2025-09-19T07:14:10","slug":"sauna-kit","status":"publish","type":"page","link":"https:\/\/finskekade.sk\/en\/accessories\/sauna-kit\/","title":{"rendered":"Sauna kit"},"content":{"rendered":"<p><div class=\"fusion-fullwidth fullwidth-box fusion-builder-row-1 fusion-flex-container has-pattern-background has-mask-background single-product-container nonhundred-percent-fullwidth non-hundred-percent-height-scrolling\" style=\"--awb-border-radius-top-left:0px;--awb-border-radius-top-right:0px;--awb-border-radius-bottom-right:0px;--awb-border-radius-bottom-left:0px;--awb-padding-bottom:50px;--awb-margin-top:50px;--awb-flex-wrap:wrap;\" ><div class=\"fusion-builder-row fusion-row fusion-flex-align-items-flex-start fusion-flex-content-wrap\" style=\"max-width:1456px;margin-left: calc(-4% \/ 2 );margin-right: calc(-4% \/ 2 );\"><div class=\"fusion-layout-column fusion_builder_column fusion-builder-column-0 fusion_builder_column_1_2 1_2 fusion-flex-column\" style=\"--awb-bg-size:cover;--awb-width-large:50%;--awb-margin-top-large:0px;--awb-spacing-right-large:3.84%;--awb-margin-bottom-large:20px;--awb-spacing-left-large:3.84%;--awb-width-medium:50%;--awb-order-medium:0;--awb-spacing-right-medium:3.84%;--awb-spacing-left-medium:3.84%;--awb-width-small:100%;--awb-order-small:0;--awb-spacing-right-small:1.92%;--awb-spacing-left-small:1.92%;\"><div class=\"fusion-column-wrapper fusion-column-has-shadow fusion-flex-justify-content-flex-start fusion-content-layout-column\"><div class=\"fusion-image-element \" style=\"--awb-margin-bottom:20px;--awb-caption-title-font-family:var(--h2_typography-font-family);--awb-caption-title-font-weight:var(--h2_typography-font-weight);--awb-caption-title-font-style:var(--h2_typography-font-style);--awb-caption-title-size:var(--h2_typography-font-size);--awb-caption-title-transform:var(--h2_typography-text-transform);--awb-caption-title-line-height:var(--h2_typography-line-height);--awb-caption-title-letter-spacing:var(--h2_typography-letter-spacing);\"><span class=\" fusion-imageframe imageframe-none imageframe-1 hover-type-none\"><img decoding=\"async\" width=\"900\" height=\"706\" title=\"set-do-sauny-titulna\" src=\"https:\/\/finskekade.sk\/wp-content\/uploads\/2024\/07\/set-do-sauny-titulna.jpg\" alt class=\"img-responsive wp-image-1472\" srcset=\"https:\/\/finskekade.sk\/wp-content\/uploads\/2024\/07\/set-do-sauny-titulna-200x157.jpg 200w, https:\/\/finskekade.sk\/wp-content\/uploads\/2024\/07\/set-do-sauny-titulna-400x314.jpg 400w, https:\/\/finskekade.sk\/wp-content\/uploads\/2024\/07\/set-do-sauny-titulna-600x471.jpg 600w, https:\/\/finskekade.sk\/wp-content\/uploads\/2024\/07\/set-do-sauny-titulna-800x628.jpg 800w, https:\/\/finskekade.sk\/wp-content\/uploads\/2024\/07\/set-do-sauny-titulna.jpg 900w\" sizes=\"(max-width: 800px) 100vw, 800px\" \/><\/span><\/div><\/div><\/div><div class=\"fusion-layout-column fusion_builder_column fusion-builder-column-1 fusion_builder_column_1_2 1_2 fusion-flex-column\" style=\"--awb-bg-size:cover;--awb-width-large:50%;--awb-margin-top-large:0px;--awb-spacing-right-large:3.84%;--awb-margin-bottom-large:20px;--awb-spacing-left-large:3.84%;--awb-width-medium:50%;--awb-order-medium:0;--awb-spacing-right-medium:3.84%;--awb-spacing-left-medium:3.84%;--awb-width-small:100%;--awb-order-small:0;--awb-spacing-right-small:1.92%;--awb-spacing-left-small:1.92%;\" data-scroll-devices=\"small-visibility,medium-visibility,large-visibility\"><div class=\"fusion-column-wrapper fusion-column-has-shadow fusion-flex-justify-content-flex-start fusion-content-layout-column\"><div class=\"fusion-title title fusion-title-1 fusion-sep-none fusion-title-text fusion-title-size-one\" style=\"--awb-margin-top:0px;\"><h1 class=\"fusion-title-heading title-heading-left fusion-responsive-typography-calculated\" style=\"margin:0;--fontSize:44;line-height:var(--awb-typography1-line-height);\">Sauna kit<\/h1><\/div><div class=\"fusion-separator\" style=\"align-self: flex-start;margin-right:auto;margin-top:10px;margin-bottom:20px;width:100%;max-width:150px;\"><div class=\"fusion-separator-border sep-single sep-solid\" style=\"--awb-height:20px;--awb-amount:20px;--awb-sep-color:#c4af68;border-color:#c4af68;border-top-width:4px;\"><\/div><\/div><div class=\"fusion-text fusion-text-1\" style=\"--awb-font-size:24px;\"><p>Price <strong>\u20ac95,00<\/strong><\/p>\n<\/div><div class=\"fusion-text fusion-text-2\" style=\"--awb-font-size:18px;\"><ul>\n<li>4 L bucket<\/li>\n<li>Sauna ladle<\/li>\n<li>Sauna thermometer with hygrometer<\/li>\n<li>Sauna hourglass<\/li>\n<\/ul>\n<\/div><div style=\"text-align:left;\"><a class=\"fusion-button button-flat fusion-button-default-size button-custom fusion-button-default button-1 fusion-button-default-span fusion-button-default-type button-shadow\" style=\"--button_accent_color:#ffffff;--button_accent_hover_color:var(--awb-color1);--button_border_hover_color:var(--awb-color1);--button_gradient_top_color:#543721;--button_gradient_bottom_color:#543721;--button_gradient_top_color_hover:#000000;--button_gradient_bottom_color_hover:#000000;\" target=\"_self\" href=\"#mam-zaujem\"><span class=\"fusion-button-text\">I\u2019m interested<\/span><i class=\"fa-arrow-right fas button-icon-right\" aria-hidden=\"true\"><\/i><\/a><\/div><\/div><\/div><\/div><\/div><div class=\"fusion-fullwidth fullwidth-box fusion-builder-row-2 fusion-flex-container has-pattern-background has-mask-background nonhundred-percent-fullwidth non-hundred-percent-height-scrolling\" style=\"--awb-border-radius-top-left:0px;--awb-border-radius-top-right:0px;--awb-border-radius-bottom-right:0px;--awb-border-radius-bottom-left:0px;--awb-padding-top:30px;--awb-flex-wrap:wrap;\" id=\"mam-zaujem\" ><div class=\"fusion-builder-row fusion-row fusion-flex-align-items-flex-start fusion-flex-content-wrap\" style=\"max-width:1456px;margin-left: calc(-4% \/ 2 );margin-right: calc(-4% \/ 2 );\"><div class=\"fusion-layout-column fusion_builder_column fusion-builder-column-2 fusion_builder_column_3_4 3_4 fusion-flex-column\" style=\"--awb-bg-size:cover;--awb-width-large:75%;--awb-margin-top-large:0px;--awb-spacing-right-large:2.56%;--awb-margin-bottom-large:20px;--awb-spacing-left-large:2.56%;--awb-width-medium:75%;--awb-order-medium:0;--awb-spacing-right-medium:2.56%;--awb-spacing-left-medium:2.56%;--awb-width-small:100%;--awb-order-small:0;--awb-spacing-right-small:1.92%;--awb-spacing-left-small:1.92%;\"><div class=\"fusion-column-wrapper fusion-column-has-shadow fusion-flex-justify-content-flex-start fusion-content-layout-column\"><div class=\"fusion-title title fusion-title-2 fusion-sep-none fusion-title-text fusion-title-size-two\"><h2 class=\"fusion-title-heading title-heading-left fusion-responsive-typography-calculated\" style=\"margin:0;--fontSize:34;line-height:var(--awb-typography1-line-height);\">I am interested<\/h2><\/div><div class=\"fusion-text fusion-text-3\"><p>If you are interested in our products or have any questions, please do not hesitate to contact us at <strong>tel. no.<\/strong> <a href=\"tel:+421 908 986 166\">+421 908 986 166<\/a>, <strong>by email<\/strong> <a href=\"mailto:finskekupaciekade@gmail.com\">finskekupaciekade@gmail.com<\/a> or using the <strong>form below<\/strong>.<\/p>\n<\/div>\n<div class=\"wpcf7 no-js\" id=\"wpcf7-f1762-o1\" lang=\"en-US\" dir=\"ltr\">\n<div class=\"screen-reader-response\"><p role=\"status\" aria-live=\"polite\" aria-atomic=\"true\"><\/p> <ul><\/ul><\/div>\n<form action=\"\/en\/wp-json\/wp\/v2\/pages\/1473#wpcf7-f1762-o1\" method=\"post\" class=\"wpcf7-form init\" aria-label=\"Contact form\" novalidate=\"novalidate\" data-status=\"init\">\n<div style=\"display: none;\">\n<input type=\"hidden\" name=\"_wpcf7\" value=\"1762\" \/>\n<input type=\"hidden\" name=\"_wpcf7_version\" value=\"5.9.8\" \/>\n<input type=\"hidden\" name=\"_wpcf7_locale\" value=\"en_US\" \/>\n<input type=\"hidden\" name=\"_wpcf7_unit_tag\" value=\"wpcf7-f1762-o1\" \/>\n<input type=\"hidden\" name=\"_wpcf7_container_post\" value=\"0\" \/>\n<input type=\"hidden\" name=\"_wpcf7_posted_data_hash\" value=\"\" \/>\n<input type=\"hidden\" name=\"_wpcf7_recaptcha_response\" value=\"\" \/>\n<\/div>\n<p><label> Name*<br \/>\n<span class=\"wpcf7-form-control-wrap\" data-name=\"your-name\"><input size=\"40\" maxlength=\"400\" class=\"wpcf7-form-control wpcf7-text wpcf7-validates-as-required\" autocomplete=\"name\" aria-required=\"true\" aria-invalid=\"false\" value=\"\" type=\"text\" name=\"your-name\" \/><\/span> <\/label>\n<\/p>\n<p><label> Email*<br \/>\n<span class=\"wpcf7-form-control-wrap\" data-name=\"your-email\"><input size=\"40\" maxlength=\"400\" class=\"wpcf7-form-control wpcf7-email wpcf7-validates-as-required wpcf7-text wpcf7-validates-as-email\" autocomplete=\"email\" aria-required=\"true\" aria-invalid=\"false\" value=\"\" type=\"email\" name=\"your-email\" \/><\/span> <\/label>\n<\/p>\n<p><label> Phone number*<br \/>\n<span class=\"wpcf7-form-control-wrap\" data-name=\"your-tel\"><input size=\"40\" maxlength=\"400\" class=\"wpcf7-form-control wpcf7-tel wpcf7-validates-as-required wpcf7-text wpcf7-validates-as-tel\" autocomplete=\"phone\" aria-required=\"true\" aria-invalid=\"false\" value=\"\" type=\"tel\" name=\"your-tel\" \/><\/span> <\/label>\n<\/p>\n<p><label> Message<br \/>\n<span class=\"wpcf7-form-control-wrap\" data-name=\"your-message\"><textarea cols=\"40\" rows=\"10\" maxlength=\"2000\" class=\"wpcf7-form-control wpcf7-textarea\" aria-invalid=\"false\" name=\"your-message\"><\/textarea><\/span> <\/label>\n<\/p>\n<p><span class=\"wpcf7-form-control-wrap\" data-name=\"suhlas\"><span class=\"wpcf7-form-control wpcf7-acceptance\"><span class=\"wpcf7-list-item\"><label><input type=\"checkbox\" name=\"suhlas\" value=\"1\" aria-invalid=\"false\" \/><span class=\"wpcf7-list-item-label\">*I agree to the processing of <a class=\"accept-box\" title=\"Processing of personal data to process an inquiry sent via the contact form.\" href=\"\/zasady-spracovania-osobnych-udajov\/\">personal data<\/a>.<\/span><\/label><\/span><\/span><\/span>\n<\/p>\n<div class=\"fusion-one-full one_full fusion-layout-column fusion-spacing-yes fusion-column-last google-recaptcha\">\n\t<p>This site is protected by reCAPTCHA and the <a href=\"https:\/\/policies.google.com\/privacy\" target=\"_blank\">Google Privacy Policy<\/a> and <a href=\"https:\/\/policies.google.com\/terms\" target=\"_blank\">Terms of Service<\/a> apply .\n\t<\/p>\n<\/div>\n<p><input class=\"wpcf7-form-control wpcf7-submit has-spinner\" type=\"submit\" value=\"Send\" \/>\n<\/p><div class=\"fusion-alert alert custom alert-custom fusion-alert-center wpcf7-response-output awb-alert-native-link-color alert-dismissable awb-alert-close-boxed\" style=\"--awb-border-size:1px;--awb-border-top-left-radius:0px;--awb-border-top-right-radius:0px;--awb-border-bottom-left-radius:0px;--awb-border-bottom-right-radius:0px;\" role=\"alert\"><div class=\"fusion-alert-content-wrapper\"><span class=\"fusion-alert-content\"><\/span><\/div><button type=\"button\" class=\"close toggle-alert\" data-dismiss=\"alert\" aria-label=\"Close\">&times;<\/button><\/div>\n<\/form>\n<\/div>\n<\/div><\/div><\/div><\/div>\n<\/p>\n","protected":false},"excerpt":{"rendered":"","protected":false},"author":1,"featured_media":0,"parent":1481,"menu_order":0,"comment_status":"closed","ping_status":"closed","template":"100-width.php","meta":{"_acf_changed":false,"footnotes":""},"class_list":["post-1473","page","type-page","status-publish","hentry"],"acf":[],"yoast_head":"<!-- This site is optimized with the Yoast SEO plugin v25.8 - https:\/\/yoast.com\/wordpress\/plugins\/seo\/ -->\n<title>Sauna kit - F\u00ednske kade<\/title>\n<meta name=\"robots\" content=\"index, follow, max-snippet:-1, max-image-preview:large, max-video-preview:-1\" \/>\n<link rel=\"canonical\" href=\"https:\/\/finskekade.sk\/en\/accessories\/sauna-kit\/\" \/>\n<meta property=\"og:locale\" content=\"en_US\" \/>\n<meta property=\"og:type\" content=\"article\" \/>\n<meta property=\"og:title\" content=\"Sauna kit - F\u00ednske kade\" \/>\n<meta property=\"og:url\" content=\"https:\/\/finskekade.sk\/en\/accessories\/sauna-kit\/\" \/>\n<meta property=\"og:site_name\" content=\"F\u00ednske kade\" \/>\n<meta property=\"article:publisher\" content=\"https:\/\/www.facebook.com\/finskekupaciekade.sk\" \/>\n<meta property=\"article:modified_time\" content=\"2025-09-19T07:14:10+00:00\" \/>\n<meta name=\"twitter:card\" content=\"summary_large_image\" \/>\n<meta name=\"twitter:label1\" content=\"Est. reading time\" \/>\n\t<meta name=\"twitter:data1\" content=\"1 minute\" \/>\n<script type=\"application\/ld+json\" class=\"yoast-schema-graph\">{\"@context\":\"https:\/\/schema.org\",\"@graph\":[{\"@type\":\"WebPage\",\"@id\":\"https:\/\/finskekade.sk\/en\/accessories\/sauna-kit\/\",\"url\":\"https:\/\/finskekade.sk\/en\/accessories\/sauna-kit\/\",\"name\":\"Sauna kit - F\u00ednske kade\",\"isPartOf\":{\"@id\":\"https:\/\/finskekade.sk\/en\/#website\"},\"datePublished\":\"2024-07-29T16:25:34+00:00\",\"dateModified\":\"2025-09-19T07:14:10+00:00\",\"breadcrumb\":{\"@id\":\"https:\/\/finskekade.sk\/en\/accessories\/sauna-kit\/#breadcrumb\"},\"inLanguage\":\"en-US\",\"potentialAction\":[{\"@type\":\"ReadAction\",\"target\":[\"https:\/\/finskekade.sk\/en\/accessories\/sauna-kit\/\"]}]},{\"@type\":\"BreadcrumbList\",\"@id\":\"https:\/\/finskekade.sk\/en\/accessories\/sauna-kit\/#breadcrumb\",\"itemListElement\":[{\"@type\":\"ListItem\",\"position\":1,\"name\":\"Domovsk\u00e1 str\u00e1nka\",\"item\":\"https:\/\/finskekade.sk\/en\/\"},{\"@type\":\"ListItem\",\"position\":2,\"name\":\"Accessories\",\"item\":\"https:\/\/finskekade.sk\/en\/accessories\/\"},{\"@type\":\"ListItem\",\"position\":3,\"name\":\"Sauna kit\"}]},{\"@type\":\"WebSite\",\"@id\":\"https:\/\/finskekade.sk\/en\/#website\",\"url\":\"https:\/\/finskekade.sk\/en\/\",\"name\":\"https:\/\/finskekade.sk\/\",\"description\":\"V\u00fdroba a pren\u00e1jom f\u00ednskych z\u00e1hradn\u00fdch s\u00e1un, k\u00fapac\u00edch a ochladzovac\u00edch kad\u00ed\",\"publisher\":{\"@id\":\"https:\/\/finskekade.sk\/en\/#organization\"},\"potentialAction\":[{\"@type\":\"SearchAction\",\"target\":{\"@type\":\"EntryPoint\",\"urlTemplate\":\"https:\/\/finskekade.sk\/en\/?s={search_term_string}\"},\"query-input\":{\"@type\":\"PropertyValueSpecification\",\"valueRequired\":true,\"valueName\":\"search_term_string\"}}],\"inLanguage\":\"en-US\"},{\"@type\":\"Organization\",\"@id\":\"https:\/\/finskekade.sk\/en\/#organization\",\"name\":\"F\u00ednske kade\",\"url\":\"https:\/\/finskekade.sk\/en\/\",\"logo\":{\"@type\":\"ImageObject\",\"inLanguage\":\"en-US\",\"@id\":\"https:\/\/finskekade.sk\/en\/#\/schema\/logo\/image\/\",\"url\":\"https:\/\/finskekade.sk\/wp-content\/uploads\/2024\/08\/finske-logo-retina.png\",\"contentUrl\":\"https:\/\/finskekade.sk\/wp-content\/uploads\/2024\/08\/finske-logo-retina.png\",\"width\":300,\"height\":283,\"caption\":\"F\u00ednske kade\"},\"image\":{\"@id\":\"https:\/\/finskekade.sk\/en\/#\/schema\/logo\/image\/\"},\"sameAs\":[\"https:\/\/www.facebook.com\/finskekupaciekade.sk\",\"https:\/\/www.youtube.com\/@FinskeKade-gl5hy\/featured\",\"https:\/\/www.tiktok.com\/@finske.kade.a.sau?_t=8oFul6Noktt&_r=1\"]}]}<\/script>\n<!-- \/ Yoast SEO plugin. -->","yoast_head_json":{"title":"Sauna kit - F\u00ednske kade","robots":{"index":"index","follow":"follow","max-snippet":"max-snippet:-1","max-image-preview":"max-image-preview:large","max-video-preview":"max-video-preview:-1"},"canonical":"https:\/\/finskekade.sk\/en\/accessories\/sauna-kit\/","og_locale":"en_US","og_type":"article","og_title":"Sauna kit - F\u00ednske kade","og_url":"https:\/\/finskekade.sk\/en\/accessories\/sauna-kit\/","og_site_name":"F\u00ednske kade","article_publisher":"https:\/\/www.facebook.com\/finskekupaciekade.sk","article_modified_time":"2025-09-19T07:14:10+00:00","twitter_card":"summary_large_image","twitter_misc":{"Est. reading time":"1 minute"},"schema":{"@context":"https:\/\/schema.org","@graph":[{"@type":"WebPage","@id":"https:\/\/finskekade.sk\/en\/accessories\/sauna-kit\/","url":"https:\/\/finskekade.sk\/en\/accessories\/sauna-kit\/","name":"Sauna kit - F\u00ednske kade","isPartOf":{"@id":"https:\/\/finskekade.sk\/en\/#website"},"datePublished":"2024-07-29T16:25:34+00:00","dateModified":"2025-09-19T07:14:10+00:00","breadcrumb":{"@id":"https:\/\/finskekade.sk\/en\/accessories\/sauna-kit\/#breadcrumb"},"inLanguage":"en-US","potentialAction":[{"@type":"ReadAction","target":["https:\/\/finskekade.sk\/en\/accessories\/sauna-kit\/"]}]},{"@type":"BreadcrumbList","@id":"https:\/\/finskekade.sk\/en\/accessories\/sauna-kit\/#breadcrumb","itemListElement":[{"@type":"ListItem","position":1,"name":"Domovsk\u00e1 str\u00e1nka","item":"https:\/\/finskekade.sk\/en\/"},{"@type":"ListItem","position":2,"name":"Accessories","item":"https:\/\/finskekade.sk\/en\/accessories\/"},{"@type":"ListItem","position":3,"name":"Sauna kit"}]},{"@type":"WebSite","@id":"https:\/\/finskekade.sk\/en\/#website","url":"https:\/\/finskekade.sk\/en\/","name":"https:\/\/finskekade.sk\/","description":"V\u00fdroba a pren\u00e1jom f\u00ednskych z\u00e1hradn\u00fdch s\u00e1un, k\u00fapac\u00edch a ochladzovac\u00edch kad\u00ed","publisher":{"@id":"https:\/\/finskekade.sk\/en\/#organization"},"potentialAction":[{"@type":"SearchAction","target":{"@type":"EntryPoint","urlTemplate":"https:\/\/finskekade.sk\/en\/?s={search_term_string}"},"query-input":{"@type":"PropertyValueSpecification","valueRequired":true,"valueName":"search_term_string"}}],"inLanguage":"en-US"},{"@type":"Organization","@id":"https:\/\/finskekade.sk\/en\/#organization","name":"F\u00ednske kade","url":"https:\/\/finskekade.sk\/en\/","logo":{"@type":"ImageObject","inLanguage":"en-US","@id":"https:\/\/finskekade.sk\/en\/#\/schema\/logo\/image\/","url":"https:\/\/finskekade.sk\/wp-content\/uploads\/2024\/08\/finske-logo-retina.png","contentUrl":"https:\/\/finskekade.sk\/wp-content\/uploads\/2024\/08\/finske-logo-retina.png","width":300,"height":283,"caption":"F\u00ednske kade"},"image":{"@id":"https:\/\/finskekade.sk\/en\/#\/schema\/logo\/image\/"},"sameAs":["https:\/\/www.facebook.com\/finskekupaciekade.sk","https:\/\/www.youtube.com\/@FinskeKade-gl5hy\/featured","https:\/\/www.tiktok.com\/@finske.kade.a.sau?_t=8oFul6Noktt&_r=1"]}]}},"_links":{"self":[{"href":"https:\/\/finskekade.sk\/en\/wp-json\/wp\/v2\/pages\/1473","targetHints":{"allow":["GET"]}}],"collection":[{"href":"https:\/\/finskekade.sk\/en\/wp-json\/wp\/v2\/pages"}],"about":[{"href":"https:\/\/finskekade.sk\/en\/wp-json\/wp\/v2\/types\/page"}],"author":[{"embeddable":true,"href":"https:\/\/finskekade.sk\/en\/wp-json\/wp\/v2\/users\/1"}],"replies":[{"embeddable":true,"href":"https:\/\/finskekade.sk\/en\/wp-json\/wp\/v2\/comments?post=1473"}],"version-history":[{"count":4,"href":"https:\/\/finskekade.sk\/en\/wp-json\/wp\/v2\/pages\/1473\/revisions"}],"predecessor-version":[{"id":1774,"href":"https:\/\/finskekade.sk\/en\/wp-json\/wp\/v2\/pages\/1473\/revisions\/1774"}],"up":[{"embeddable":true,"href":"https:\/\/finskekade.sk\/en\/wp-json\/wp\/v2\/pages\/1481"}],"wp:attachment":[{"href":"https:\/\/finskekade.sk\/en\/wp-json\/wp\/v2\/media?parent=1473"}],"curies":[{"name":"wp","href":"https:\/\/api.w.org\/{rel}","templated":true}]}}